{"id":10140,"date":"2024-03-26T10:15:59","date_gmt":"2024-03-26T09:15:59","guid":{"rendered":"https:\/\/hansa-flex.si\/careers\/stellenangebote\/"},"modified":"2024-04-15T14:10:08","modified_gmt":"2024-04-15T12:10:08","slug":"vacancies","status":"publish","type":"page","link":"https:\/\/hansa-flex.si\/en\/careers\/vacancies\/","title":{"rendered":"Vacancies"},"content":{"rendered":"\n<p>Herzlich Willkommen im Karriereportal von HANSA-FLEX \u00d6sterreich! Sie finden uns 18x in \u00d6sterreich. Bitte suchen Sie in Ihrem gew\u00fcnschten Bundesland nach Stellenangeboten.<\/p>\n","protected":false},"excerpt":{"rendered":"<p>Herzlich Willkommen im Karriereportal von HANSA-FLEX \u00d6sterreich! Sie finden uns 18x in \u00d6sterreich. Bitte suchen Sie in Ihrem gew\u00fcnschten Bundesland nach Stellenangeboten.<\/p>\n","protected":false},"author":3,"featured_media":9346,"parent":10049,"menu_order":0,"comment_status":"closed","ping_status":"closed","template":"","meta":{"_acf_changed":false,"footnotes":""},"class_list":["post-10140","page","type-page","status-publish","has-post-thumbnail","hentry"],"acf":[],"_links":{"self":[{"href":"https:\/\/hansa-flex.si\/en\/wp-json\/wp\/v2\/pages\/10140","targetHints":{"allow":["GET"]}}],"collection":[{"href":"https:\/\/hansa-flex.si\/en\/wp-json\/wp\/v2\/pages"}],"about":[{"href":"https:\/\/hansa-flex.si\/en\/wp-json\/wp\/v2\/types\/page"}],"author":[{"embeddable":true,"href":"https:\/\/hansa-flex.si\/en\/wp-json\/wp\/v2\/users\/3"}],"replies":[{"embeddable":true,"href":"https:\/\/hansa-flex.si\/en\/wp-json\/wp\/v2\/comments?post=10140"}],"version-history":[{"count":0,"href":"https:\/\/hansa-flex.si\/en\/wp-json\/wp\/v2\/pages\/10140\/revisions"}],"up":[{"embeddable":true,"href":"https:\/\/hansa-flex.si\/en\/wp-json\/wp\/v2\/pages\/10049"}],"wp:featuredmedia":[{"embeddable":true,"href":"https:\/\/hansa-flex.si\/en\/wp-json\/wp\/v2\/media\/9346"}],"wp:attachment":[{"href":"https:\/\/hansa-flex.si\/en\/wp-json\/wp\/v2\/media?parent=10140"}],"curies":[{"name":"wp","href":"https:\/\/api.w.org\/{rel}","templated":true}]}}